{"id":8,"date":"2022-02-16T10:20:21","date_gmt":"2022-02-16T13:20:21","guid":{"rendered":"https:\/\/sigeral.com\/assistencia-tecnica\/?page_id=8"},"modified":"2022-05-04T21:59:01","modified_gmt":"2022-05-05T00:59:01","slug":"home","status":"publish","type":"page","link":"https:\/\/sigeral.com\/assistencia-tecnica\/","title":{"rendered":"Home"},"content":{"rendered":"<p>[vc_row typo_style=&#8221;light&#8221; bg_type=&#8221;image&#8221; parallax_style=&#8221;vcpb-vz-jquery&#8221; bg_image_new=&#8221;id^96|url^https:\/\/sigeral.com\/assistencia-tecnica\/wp-content\/uploads\/2022\/03\/img-slider-02.jpg|caption^null|alt^null|title^img-slider-02|description^null&#8221; bg_image_repeat=&#8221;no-repeat&#8221; bg_override=&#8221;full&#8221; enable_overlay=&#8221;enable_overlay_value&#8221; overlay_color=&#8221;rgba(35,74,151,0.8)&#8221; overlay_pattern=&#8221;01.png&#8221;][vc_column][vc_empty_space height=&#8221;50px&#8221;][vc_row_inner][vc_column_inner width=&#8221;1\/6&#8243;][\/vc_column_inner][vc_column_inner width=&#8221;2\/3&#8243;][vc_column_text]<\/p>\n<h2 style=\"text-align: center;\">OFERECEMOS O QUE H\u00c1 DE MAIS MODERNO EM SERVI\u00c7OS DE ASSIST\u00caNCIA T\u00c9CNICA PARA EQUIPAMENTOS M\u00c9DICOS<\/h2>\n<p>[\/vc_column_text]<div class=\" ubtn-ctn-center \"><a class=\"ubtn-link ult-adjust-bottom-margin ubtn-center ubtn-small \" href=\"https:\/\/www.sigeral.com\/pdf\/Folder_AT.pdf\" target=\"_blank\" rel=\"noopener\" ><button type=\"button\" id=\"ubtn-5153\"  class=\"ubtn ult-adjust-bottom-margin ult-responsive ubtn-small ubtn-no-hover-bg  none  ubtn-center   tooltip-69e34396be034\"  data-hover=\"#f6393b\" data-border-color=\"\" data-bg=\"#f6393b\" data-hover-bg=\"#ffffff\" data-border-hover=\"\" data-shadow-hover=\"\" data-shadow-click=\"none\" data-shadow=\"\" data-shd-shadow=\"\"  data-ultimate-target='#ubtn-5153'  data-responsive-json-new='{\"font-size\":\"\",\"line-height\":\"\"}'  style=\"font-weight:bold;border:none;background: #f6393b;color: #ffffff;\"><span class=\"ubtn-hover\" style=\"background-color:#ffffff\"><\/span><span class=\"ubtn-data ubtn-text \" >Baixar Cat\u00e1logo<\/span><\/button><\/a><\/div>[\/vc_column_inner][vc_column_inner width=&#8221;1\/6&#8243;][\/vc_column_inner][\/vc_row_inner][vc_empty_space height=&#8221;50px&#8221;][\/vc_column][\/vc_row][vc_row el_id=&#8221;section-holter&#8221;][vc_column width=&#8221;1\/2&#8243;][vc_single_image image=&#8221;112&#8243; img_size=&#8221;full&#8221; alignment=&#8221;center&#8221; style=&#8221;vc_box_border&#8221;][\/vc_column][vc_column width=&#8221;1\/2&#8243;]<div id=\"ultimate-heading-850669e34396be149\" class=\"uvc-heading ult-adjust-bottom-margin ultimate-heading-850669e34396be149 uvc-469 \" data-hspacer=\"line_only\"  data-halign=\"left\" style=\"text-align:left\"><div class=\"uvc-heading-spacer line_only\" style=\"topheight:8px;\"><span class=\"uvc-headings-line\" style=\"border-style:solid;border-bottom-width:8px;border-color:#234a97;width:40px;\"><\/span><\/div><div class=\"uvc-main-heading ult-responsive\"  data-ultimate-target='.uvc-heading.ultimate-heading-850669e34396be149 h2'  data-responsive-json-new='{\"font-size\":\"desktop:32px;\",\"line-height\":\"\"}' ><h2 style=\"font-weight:bold;margin-bottom:30px;\">Assist\u00eancia T\u00e9cnica Especializada<\/h2><\/div><div class=\"uvc-sub-heading ult-responsive\"  data-ultimate-target='.uvc-heading.ultimate-heading-850669e34396be149 .uvc-sub-heading '  data-responsive-json-new='{\"font-size\":\"\",\"line-height\":\"\"}'  style=\"font-weight:normal;\"><strong>Conte com um time de especialistas com experi\u00eancia consolidada desde 2005\u00a0no mercado de assist\u00eancia t\u00e9cnica,<\/strong> temos as pe\u00e7as originais em estoque e + 2000 clientes atendidos durante esse per\u00edodo no Brasil inteiro.<\/p>\n<hr \/>\n<p>Nossos servi\u00e7os oferecem seguran\u00e7a em sua opera\u00e7\u00e3o e melhores resultados, al\u00e9m de tudo, contribuem com as finan\u00e7as do neg\u00f3cio, ampliando a vida \u00fatil do equipamento, al\u00e9m de n\u00e3o apresentarem falhas inesperadas impactando negativamente na agenda do servi\u00e7o.<\/p>\n<p>Existe ainda, a legisla\u00e7\u00e3o que determina que os estabelecimentos de sa\u00fade devem manter um plano de gerenciamento de seus parques tecnol\u00f3gicos. A RDC n\u00ba 02, de 25 de janeiro de 2010 da Ag\u00eancia Nacional de Vigil\u00e2ncia Sanit\u00e1ria (Anvisa), \u00e9 um exemplo de parte desse conte\u00fado que regem o tema.<\/div><\/div>[\/vc_column][\/vc_row][vc_row typo_style=&#8221;light&#8221; bg_type=&#8221;image&#8221; parallax_style=&#8221;vcpb-vz-jquery&#8221; bg_image_new=&#8221;id^73|url^https:\/\/sigeral.com\/assistencia-tecnica\/wp-content\/uploads\/2022\/03\/img-parallax-02.jpg|caption^null|alt^null|title^img-parallax-02|description^null&#8221; bg_image_repeat=&#8221;no-repeat&#8221; bg_override=&#8221;full&#8221; enable_overlay=&#8221;enable_overlay_value&#8221; overlay_color=&#8221;rgba(35,74,151,0.8)&#8221; overlay_pattern=&#8221;01.png&#8221;][vc_column][vc_row_inner][vc_column_inner width=&#8221;1\/4&#8243;][\/vc_column_inner][vc_column_inner width=&#8221;1\/2&#8243;]<div id=\"ultimate-heading-404169e34396be194\" class=\"uvc-heading ult-adjust-bottom-margin ultimate-heading-404169e34396be194 uvc-6451 \" data-hspacer=\"line_only\"  data-halign=\"center\" style=\"text-align:center\"><div class=\"uvc-heading-spacer line_only\" style=\"topheight:8px;\"><span class=\"uvc-headings-line\" style=\"border-style:solid;border-bottom-width:8px;border-color:#ffffff;width:40px;\"><\/span><\/div><div class=\"uvc-main-heading ult-responsive\"  data-ultimate-target='.uvc-heading.ultimate-heading-404169e34396be194 h2'  data-responsive-json-new='{\"font-size\":\"desktop:32px;\",\"line-height\":\"\"}' ><h2 style=\"font-weight:bold;margin-bottom:30px;\">SOMOS ASSIST\u00caNCIA T\u00c9CNICA CREDENCIADA DA CARDIOS<\/h2><\/div><div class=\"uvc-sub-heading ult-responsive\"  data-ultimate-target='.uvc-heading.ultimate-heading-404169e34396be194 .uvc-sub-heading '  data-responsive-json-new='{\"font-size\":\"\",\"line-height\":\"\"}'  style=\"font-weight:normal;margin-bottom:25px;\"><strong>Clique abaixo para saber como enviar o seu equipamento.<\/strong><\/div><\/div><div class=\" ubtn-ctn-center \"><a class=\"ubtn-link ult-adjust-bottom-margin ubtn-center ubtn-small \" href=\"https:\/\/sigeral.com\/enviar-equipamentos\/\" target=\"_blank\" rel=\"noopener\" ><button type=\"button\" id=\"ubtn-2674\"  class=\"ubtn ult-adjust-bottom-margin ult-responsive ubtn-small ubtn-no-hover-bg  none  ubtn-center   tooltip-69e34396be1ce\"  data-hover=\"#f6393b\" data-border-color=\"\" data-bg=\"#f6393b\" data-hover-bg=\"#ffffff\" data-border-hover=\"\" data-shadow-hover=\"\" data-shadow-click=\"none\" data-shadow=\"\" data-shd-shadow=\"\"  data-ultimate-target='#ubtn-2674'  data-responsive-json-new='{\"font-size\":\"\",\"line-height\":\"\"}'  style=\"font-weight:bold;border:none;background: #f6393b;color: #ffffff;\"><span class=\"ubtn-hover\" style=\"background-color:#ffffff\"><\/span><span class=\"ubtn-data ubtn-text \" >CLIQUE AQUI<\/span><\/button><\/a><\/div>[\/vc_column_inner][vc_column_inner width=&#8221;1\/4&#8243;][\/vc_column_inner][\/vc_row_inner][\/vc_column][\/vc_row][vc_row el_id=&#8221;section-beneficios&#8221;][vc_column][vc_row_inner][vc_column_inner width=&#8221;1\/4&#8243;][\/vc_column_inner][vc_column_inner width=&#8221;1\/2&#8243;]<div id=\"ultimate-heading-985669e34396be236\" class=\"uvc-heading ult-adjust-bottom-margin ultimate-heading-985669e34396be236 uvc-8175 \" data-hspacer=\"line_only\"  data-halign=\"center\" style=\"text-align:center\"><div class=\"uvc-heading-spacer line_only\" style=\"topheight:8px;\"><span class=\"uvc-headings-line\" style=\"border-style:solid;border-bottom-width:8px;border-color:#234a97;width:40px;\"><\/span><\/div><div class=\"uvc-main-heading ult-responsive\"  data-ultimate-target='.uvc-heading.ultimate-heading-985669e34396be236 h2'  data-responsive-json-new='{\"font-size\":\"desktop:32px;\",\"line-height\":\"\"}' ><h2 style=\"font-weight:bold;margin-bottom:60px;\">Saiba mais sobre o nosso servi\u00e7o de Assist\u00eancia T\u00e9cnica<\/h2><\/div><\/div>[\/vc_column_inner][vc_column_inner width=&#8221;1\/4&#8243;][\/vc_column_inner][\/vc_row_inner][vc_row_inner][vc_column_inner width=&#8221;1\/4&#8243;][vc_single_image image=&#8221;108&#8243; img_size=&#8221;full&#8221; alignment=&#8221;center&#8221; style=&#8221;vc_box_border&#8221;][\/vc_column_inner][vc_column_inner width=&#8221;3\/4&#8243;]<div id=\"ultimate-heading-892269e34396be292\" class=\"uvc-heading ult-adjust-bottom-margin ultimate-heading-892269e34396be292 uvc-1605 \" data-hspacer=\"line_only\"  data-halign=\"left\" style=\"text-align:left\"><div class=\"uvc-heading-spacer line_only\" style=\"topheight:8px;\"><span class=\"uvc-headings-line\" style=\"border-style:solid;border-bottom-width:8px;border-color:#234a97;width:40px;\"><\/span><\/div><div class=\"uvc-main-heading ult-responsive\"  data-ultimate-target='.uvc-heading.ultimate-heading-892269e34396be292 h2'  data-responsive-json-new='{\"font-size\":\"desktop:25px;\",\"line-height\":\"\"}' ><h2 style=\"font-weight:bold;margin-bottom:30px;\">Suporte T\u00e9cnico<\/h2><\/div><div class=\"uvc-sub-heading ult-responsive\"  data-ultimate-target='.uvc-heading.ultimate-heading-892269e34396be292 .uvc-sub-heading '  data-responsive-json-new='{\"font-size\":\"\",\"line-height\":\"\"}'  style=\"font-weight:normal;\">\u00c9 um servi\u00e7o que presta assist\u00eancia intelectual e tecnol\u00f3gica ao cliente, visando solucionar o problema nos equipamentos m\u00e9dicos apresentado pelo usu\u00e1rio. Tais problemas podem ser de origem de software ou hardware. O suporte t\u00e9cnico pode anteceder uma manuten\u00e7\u00e3o.<\/div><\/div>[\/vc_column_inner][\/vc_row_inner][vc_empty_space height=&#8221;60px&#8221;][vc_row_inner][vc_column_inner width=&#8221;1\/4&#8243;][vc_single_image image=&#8221;110&#8243; img_size=&#8221;full&#8221; alignment=&#8221;center&#8221; style=&#8221;vc_box_border&#8221;][\/vc_column_inner][vc_column_inner width=&#8221;3\/4&#8243;]<div id=\"ultimate-heading-283269e34396be2d1\" class=\"uvc-heading ult-adjust-bottom-margin ultimate-heading-283269e34396be2d1 uvc-6912 \" data-hspacer=\"line_only\"  data-halign=\"left\" style=\"text-align:left\"><div class=\"uvc-heading-spacer line_only\" style=\"topheight:8px;\"><span class=\"uvc-headings-line\" style=\"border-style:solid;border-bottom-width:8px;border-color:#234a97;width:40px;\"><\/span><\/div><div class=\"uvc-main-heading ult-responsive\"  data-ultimate-target='.uvc-heading.ultimate-heading-283269e34396be2d1 h2'  data-responsive-json-new='{\"font-size\":\"desktop:25px;\",\"line-height\":\"\"}' ><h2 style=\"font-weight:bold;margin-bottom:30px;\">Manuten\u00e7\u00f5es Preventivas<\/h2><\/div><div class=\"uvc-sub-heading ult-responsive\"  data-ultimate-target='.uvc-heading.ultimate-heading-283269e34396be2d1 .uvc-sub-heading '  data-responsive-json-new='{\"font-size\":\"\",\"line-height\":\"\"}'  style=\"font-weight:normal;\">Previne o aparecimento de problemas, mantendo os equipamentos m\u00e9dicos, e seus perif\u00e9ricos em boas condi\u00e7\u00f5es de opera\u00e7\u00e3o. Busca ampliar a vida \u00fatil do equipamento, proporciona mais seguran\u00e7a operacional, reduz os custos vari\u00e1veis com eventos adversos, minimiza consideravelmente o risco de cancelamento da agenda e consequentemente problemas de faturamento.<\/p>\n<p>&nbsp;<\/div><\/div>[\/vc_column_inner][\/vc_row_inner][vc_empty_space height=&#8221;60px&#8221;][vc_row_inner][vc_column_inner width=&#8221;1\/4&#8243;][vc_single_image image=&#8221;106&#8243; img_size=&#8221;full&#8221; alignment=&#8221;center&#8221; style=&#8221;vc_box_border&#8221;][\/vc_column_inner][vc_column_inner width=&#8221;3\/4&#8243;]<div id=\"ultimate-heading-343269e34396be308\" class=\"uvc-heading ult-adjust-bottom-margin ultimate-heading-343269e34396be308 uvc-9667 \" data-hspacer=\"line_only\"  data-halign=\"left\" style=\"text-align:left\"><div class=\"uvc-heading-spacer line_only\" style=\"topheight:8px;\"><span class=\"uvc-headings-line\" style=\"border-style:solid;border-bottom-width:8px;border-color:#234a97;width:40px;\"><\/span><\/div><div class=\"uvc-main-heading ult-responsive\"  data-ultimate-target='.uvc-heading.ultimate-heading-343269e34396be308 h2'  data-responsive-json-new='{\"font-size\":\"desktop:25px;\",\"line-height\":\"\"}' ><h2 style=\"font-weight:bold;margin-bottom:30px;\">Calibra\u00e7\u00f5es<\/h2><\/div><div class=\"uvc-sub-heading ult-responsive\"  data-ultimate-target='.uvc-heading.ultimate-heading-343269e34396be308 .uvc-sub-heading '  data-responsive-json-new='{\"font-size\":\"\",\"line-height\":\"\"}'  style=\"font-weight:normal;\">\u00c9 a ferramenta fundamental para que se possa tra\u00e7ar o perfil de confiabilidade e erro dos equipamentos m\u00e9dicos, proporciona qualidade no processo produtivo e uma s\u00e9rie de vantagens e benef\u00edcios. Atrav\u00e9s dos ensaios \u00e9 poss\u00edvel verificar se seus equipamentos est\u00e3o de acordo com determinadas normas e especifica\u00e7\u00f5es t\u00e9cnicas.<\/div><\/div>[\/vc_column_inner][\/vc_row_inner][vc_empty_space height=&#8221;60px&#8221;][vc_row_inner][vc_column_inner width=&#8221;1\/4&#8243;][vc_single_image image=&#8221;107&#8243; img_size=&#8221;full&#8221; alignment=&#8221;center&#8221; style=&#8221;vc_box_border&#8221;][\/vc_column_inner][vc_column_inner width=&#8221;3\/4&#8243;]<div id=\"ultimate-heading-795369e34396be33e\" class=\"uvc-heading ult-adjust-bottom-margin ultimate-heading-795369e34396be33e uvc-9307 \" data-hspacer=\"line_only\"  data-halign=\"left\" style=\"text-align:left\"><div class=\"uvc-heading-spacer line_only\" style=\"topheight:8px;\"><span class=\"uvc-headings-line\" style=\"border-style:solid;border-bottom-width:8px;border-color:#234a97;width:40px;\"><\/span><\/div><div class=\"uvc-main-heading ult-responsive\"  data-ultimate-target='.uvc-heading.ultimate-heading-795369e34396be33e h2'  data-responsive-json-new='{\"font-size\":\"desktop:25px;\",\"line-height\":\"\"}' ><h2 style=\"font-weight:bold;margin-bottom:30px;\">Manuten\u00e7\u00e3o Corretiva<\/h2><\/div><div class=\"uvc-sub-heading ult-responsive\"  data-ultimate-target='.uvc-heading.ultimate-heading-795369e34396be33e .uvc-sub-heading '  data-responsive-json-new='{\"font-size\":\"\",\"line-height\":\"\"}'  style=\"font-weight:normal;\">\u00c9 a que envolve maior custo e maior tempo, pois quase sempre ocorre repentinamente e pode envolver substitui\u00e7\u00e3o de pe\u00e7as de reposi\u00e7\u00e3o.<\/div><\/div>[\/vc_column_inner][\/vc_row_inner][\/vc_column][\/vc_row][vc_row typo_style=&#8221;light&#8221; bg_type=&#8221;image&#8221; parallax_style=&#8221;vcpb-vz-jquery&#8221; bg_image_new=&#8221;id^73|url^https:\/\/sigeral.com\/assistencia-tecnica\/wp-content\/uploads\/2022\/03\/img-parallax-02.jpg|caption^null|alt^null|title^img-parallax-02|description^null&#8221; bg_image_repeat=&#8221;no-repeat&#8221; bg_override=&#8221;full&#8221; enable_overlay=&#8221;enable_overlay_value&#8221; overlay_color=&#8221;rgba(35,74,151,0.8)&#8221; overlay_pattern=&#8221;01.png&#8221;][vc_column][vc_row_inner][vc_column_inner width=&#8221;1\/4&#8243;][\/vc_column_inner][vc_column_inner width=&#8221;1\/2&#8243;]<div id=\"ultimate-heading-79069e34396be377\" class=\"uvc-heading ult-adjust-bottom-margin ultimate-heading-79069e34396be377 uvc-2696 \" data-hspacer=\"line_only\"  data-halign=\"center\" style=\"text-align:center\"><div class=\"uvc-heading-spacer line_only\" style=\"topheight:8px;\"><span class=\"uvc-headings-line\" style=\"border-style:solid;border-bottom-width:8px;border-color:#ffffff;width:40px;\"><\/span><\/div><div class=\"uvc-main-heading ult-responsive\"  data-ultimate-target='.uvc-heading.ultimate-heading-79069e34396be377 h2'  data-responsive-json-new='{\"font-size\":\"desktop:32px;\",\"line-height\":\"\"}' ><h2 style=\"font-weight:bold;margin-bottom:30px;\">FALE COM O NOSSO TIME COMERCIAL<\/h2><\/div><div class=\"uvc-sub-heading ult-responsive\"  data-ultimate-target='.uvc-heading.ultimate-heading-79069e34396be377 .uvc-sub-heading '  data-responsive-json-new='{\"font-size\":\"\",\"line-height\":\"\"}'  style=\"font-weight:normal;margin-bottom:25px;\"><strong>Clique abaixo para acessar o nosso formul\u00e1rio de contato<\/strong> ou utilize o bot\u00e3o verde para falar via WhatsApp.<\/div><\/div><div class=\" ubtn-ctn-center \"><a class=\"ubtn-link ult-adjust-bottom-margin ubtn-center ubtn-small \" href=\"https:\/\/api.whatsapp.com\/send?phone=5521997672023\" target=\"_blank\" rel=\"noopener\" ><button type=\"button\" id=\"ubtn-9319\"  class=\"ubtn ult-adjust-bottom-margin ult-responsive ubtn-small ubtn-no-hover-bg  none  ubtn-center   tooltip-69e34396be3a9\"  data-hover=\"#f6393b\" data-border-color=\"\" data-bg=\"#f6393b\" data-hover-bg=\"#ffffff\" data-border-hover=\"\" data-shadow-hover=\"\" data-shadow-click=\"none\" data-shadow=\"\" data-shd-shadow=\"\"  data-ultimate-target='#ubtn-9319'  data-responsive-json-new='{\"font-size\":\"\",\"line-height\":\"\"}'  style=\"font-weight:bold;border:none;background: #f6393b;color: #ffffff;\"><span class=\"ubtn-hover\" style=\"background-color:#ffffff\"><\/span><span class=\"ubtn-data ubtn-text \" >FALAR AGORA<\/span><\/button><\/a><\/div>[\/vc_column_inner][vc_column_inner width=&#8221;1\/4&#8243;][\/vc_column_inner][\/vc_row_inner][\/vc_column][\/vc_row][vc_row typo_style=&#8221;light&#8221; bg_type=&#8221;bg_color&#8221; bg_override=&#8221;full&#8221; bg_color_value=&#8221;#234a97&#8243;][vc_column][vc_empty_space][vc_row_inner][vc_column_inner width=&#8221;1\/4&#8243;][\/vc_column_inner][vc_column_inner width=&#8221;1\/2&#8243;]<div id=\"ultimate-heading-748369e34396be3ff\" class=\"uvc-heading ult-adjust-bottom-margin ultimate-heading-748369e34396be3ff uvc-2611 \" data-hspacer=\"line_only\"  data-halign=\"center\" style=\"text-align:center\"><div class=\"uvc-heading-spacer line_only\" style=\"topheight:8px;\"><span class=\"uvc-headings-line\" style=\"border-style:solid;border-bottom-width:8px;border-color:#ffffff;width:40px;\"><\/span><\/div><div class=\"uvc-main-heading ult-responsive\"  data-ultimate-target='.uvc-heading.ultimate-heading-748369e34396be3ff h2'  data-responsive-json-new='{\"font-size\":\"desktop:32px;\",\"line-height\":\"\"}' ><h2 style=\"font-weight:bold;margin-bottom:30px;\">BAIXE O NOSSO CAT\u00c1LOGO DE PRODUTOS<\/h2><\/div><div class=\"uvc-sub-heading ult-responsive\"  data-ultimate-target='.uvc-heading.ultimate-heading-748369e34396be3ff .uvc-sub-heading '  data-responsive-json-new='{\"font-size\":\"\",\"line-height\":\"\"}'  style=\"font-weight:normal;margin-bottom:25px;\"><strong>Baixe o cat\u00e1logo em PDF e<\/strong> saiba mais sobre o que fazemos na Sigeral<\/div><\/div><div class=\" ubtn-ctn-center \"><a class=\"ubtn-link ult-adjust-bottom-margin ubtn-center ubtn-small \" href=\"https:\/\/www.sigeral.com\/pdf\/catalogo.pdf\" target=\"_blank\" rel=\"noopener\" ><button type=\"button\" id=\"ubtn-7995\"  class=\"ubtn ult-adjust-bottom-margin ult-responsive ubtn-small ubtn-no-hover-bg  none  ubtn-center   tooltip-69e34396be436\"  data-hover=\"#f6393b\" data-border-color=\"\" data-bg=\"#f6393b\" data-hover-bg=\"#ffffff\" data-border-hover=\"\" data-shadow-hover=\"\" data-shadow-click=\"none\" data-shadow=\"\" data-shd-shadow=\"\"  data-ultimate-target='#ubtn-7995'  data-responsive-json-new='{\"font-size\":\"\",\"line-height\":\"\"}'  style=\"font-weight:bold;border:none;background: #f6393b;color: #ffffff;\"><span class=\"ubtn-hover\" style=\"background-color:#ffffff\"><\/span><span class=\"ubtn-data ubtn-text \" >BAIXA AGORA<\/span><\/button><\/a><\/div>[\/vc_column_inner][vc_column_inner width=&#8221;1\/4&#8243;][\/vc_column_inner][\/vc_row_inner][vc_empty_space][\/vc_column][\/vc_row]<\/p>\n","protected":false},"excerpt":{"rendered":"<p>[vc_row typo_style=&#8221;light&#8221; bg_type=&#8221;image&#8221; parallax_style=&#8221;vcpb-vz-jquery&#8221; bg_image_new=&#8221;id^96|url^https:\/\/sigeral.com\/assistencia-tecnica\/wp-content\/uploads\/2022\/03\/img-slider-02.jpg|caption^null|alt^null|title^img-slider-02|description^null&#8221; bg_image_repeat=&#8221;no-repeat&#8221; bg_override=&#8221;full&#8221; enable_overlay=&#8221;enable_overlay_value&#8221; overlay_color=&#8221;rgba(35,74,151,0.8)&#8221; overlay_pattern=&#8221;01.png&#8221;][vc_column][vc_empty_space height=&#8221;50px&#8221;][vc_row_inner][vc_column_inner width=&#8221;1\/6&#8243;][\/vc_column_inner][vc_column_inner width=&#8221;2\/3&#8243;][vc_column_text] OFERECEMOS O QUE H\u00c1 DE MAIS MODERNO EM SERVI\u00c7OS DE ASSIST\u00caNCIA T\u00c9CNICA PARA EQUIPAMENTOS M\u00c9DICOS [\/vc_column_text][\/vc_column_inner][vc_column_inner width=&#8221;1\/6&#8243;][\/vc_column_inner][\/vc_row_inner][vc_empty_space&#8230;<\/p>\n","protected":false},"author":1,"featured_media":0,"parent":0,"menu_order":0,"comment_status":"closed","ping_status":"closed","template":"","meta":{"footnotes":""},"class_list":["post-8","page","type-page","status-publish","hentry"],"_links":{"self":[{"href":"https:\/\/sigeral.com\/assistencia-tecnica\/wp-json\/wp\/v2\/pages\/8","targetHints":{"allow":["GET"]}}],"collection":[{"href":"https:\/\/sigeral.com\/assistencia-tecnica\/wp-json\/wp\/v2\/pages"}],"about":[{"href":"https:\/\/sigeral.com\/assistencia-tecnica\/wp-json\/wp\/v2\/types\/page"}],"author":[{"embeddable":true,"href":"https:\/\/sigeral.com\/assistencia-tecnica\/wp-json\/wp\/v2\/users\/1"}],"replies":[{"embeddable":true,"href":"https:\/\/sigeral.com\/assistencia-tecnica\/wp-json\/wp\/v2\/comments?post=8"}],"version-history":[{"count":81,"href":"https:\/\/sigeral.com\/assistencia-tecnica\/wp-json\/wp\/v2\/pages\/8\/revisions"}],"predecessor-version":[{"id":115,"href":"https:\/\/sigeral.com\/assistencia-tecnica\/wp-json\/wp\/v2\/pages\/8\/revisions\/115"}],"wp:attachment":[{"href":"https:\/\/sigeral.com\/assistencia-tecnica\/wp-json\/wp\/v2\/media?parent=8"}],"curies":[{"name":"wp","href":"https:\/\/api.w.org\/{rel}","templated":true}]}}